{"id":771,"date":"2022-08-22T01:00:15","date_gmt":"2022-08-22T01:00:15","guid":{"rendered":"https:\/\/weblearnbd.net\/wp\/bioxlab\/?page_id=771"},"modified":"2026-02-26T09:18:26","modified_gmt":"2026-02-26T12:18:26","slug":"eixos-de-atuacao","status":"publish","type":"page","link":"https:\/\/www.semear-digital.cnptia.embrapa.br\/en\/eixos-de-atuacao\/","title":{"rendered":"Axes of action"},"content":{"rendered":"<div data-elementor-type=\"wp-page\" data-elementor-id=\"771\" class=\"elementor elementor-771\" data-elementor-post-type=\"page\">\n\t\t\t\t\t\t<section class=\"elementor-section elementor-top-section elementor-element elementor-element-3eac5a7 elementor-section-full_width elementor-section-height-default elementor-section-height-default\" data-id=\"3eac5a7\" data-element_type=\"section\" data-settings=\"{&quot;background_background&quot;:&quot;classic&quot;}\">\n\t\t\t\t\t\t<div class=\"elementor-container elementor-column-gap-no\">\n\t\t\t\t\t<div class=\"elementor-column elementor-col-100 elementor-top-column elementor-element elementor-element-6c91422\" data-id=\"6c91422\" data-element_type=\"column\">\n\t\t\t<div class=\"elementor-widget-wrap elementor-element-populated\">\n\t\t\t\t\t\t<div class=\"elementor-element elementor-element-df90819 elementor-widget elementor-widget-services\" data-id=\"df90819\" data-element_type=\"widget\" data-widget_type=\"services.default\">\n\t\t\t\t<div class=\"elementor-widget-container\">\n\t\t\t\r\n\r\n<section class=\"services-area ele-section\">\r\n    <div class=\"container\">\r\n        <div class=\"row text-center\">\r\n            <div class=\"col-lg-12 col-md-12 col-12\">\r\n                                    <div class=\"tp-section\">\r\n                                                <h2 class=\"tp-section__title mb-70 ele-title\">Axes of action<\/h2>                                            <\/div>\r\n                            <\/div>\r\n        <\/div>\r\n        <div class=\"row\">\r\n                        <div class=\"col-xl-4 col-lg-6 col-md-6 col-12\">\r\n                <div class=\"services-item mb-40 wow fadeInUp elementor-repeater-item-b0d8513 ele-feature-section\" data-wow-delay=\".2s\">\r\n                    <div class=\"services-item__icon mb-30\">\r\n                                                                                    <span class=\"tp-sv-icon ele-feature-icon\">\r\n                                    <svg xmlns=\"http:\/\/www.w3.org\/2000\/svg\" width=\"38\" height=\"38\" viewbox=\"0 0 38 38\" fill=\"none\"><path d=\"M19 31.6666V15.8333\" stroke=\"#1C68A6\" stroke-width=\"3\" stroke-linecap=\"round\" stroke-linejoin=\"round\"><\/path><path d=\"M28.5 31.6666V6.33331\" stroke=\"#1C68A6\" stroke-width=\"3\" stroke-linecap=\"round\" stroke-linejoin=\"round\"><\/path><path d=\"M9.5 31.6666V25.3333\" stroke=\"#1C68A6\" stroke-width=\"3\" stroke-linecap=\"round\" stroke-linejoin=\"round\"><\/path><\/svg>                                <\/span>\r\n                                                                        <\/div>\r\n                    <div class=\"services-item__content\">\r\n                                                    <h4 class=\"services-item__tp-title tp-srv-title mb-30 ele-feature-title\">\r\n                                                                    DAT Selection and Impact Assessment                                                            <\/h4>\r\n                        \r\n                                                    <p class=\"ele-feature-content\"><ul>\n<li>Social and economic aspects, local development agents<\/li>\n<li>Definition of DATS<\/li>\n<li>Assessment of socioeconomic impacts<\/li>\n<\/ul><\/p>\r\n                            \r\n                                            <\/div>\r\n                <\/div>\r\n            <\/div>\r\n                        <div class=\"col-xl-4 col-lg-6 col-md-6 col-12\">\r\n                <div class=\"services-item mb-40 wow fadeInUp elementor-repeater-item-5817a71 ele-feature-section\" data-wow-delay=\".2s\">\r\n                    <div class=\"services-item__icon mb-30\">\r\n                                                                                    <span class=\"tp-sv-icon ele-feature-icon\">\r\n                                    <svg xmlns=\"http:\/\/www.w3.org\/2000\/svg\" width=\"38\" height=\"38\" viewbox=\"0 0 38 38\" fill=\"none\"><path d=\"M18.9998 34.8334C27.7443 34.8334 34.8332 27.7445 34.8332 19C34.8332 10.2555 27.7443 3.16669 18.9998 3.16669C10.2553 3.16669 3.1665 10.2555 3.1665 19C3.1665 27.7445 10.2553 34.8334 18.9998 34.8334Z\" stroke=\"#92278F\" stroke-width=\"3\" stroke-linecap=\"round\" stroke-linejoin=\"round\"><\/path><path d=\"M3.1665 19H34.8332\" stroke=\"#92278F\" stroke-width=\"3\" stroke-linecap=\"round\" stroke-linejoin=\"round\"><\/path><path d=\"M18.9998 3.16669C22.9602 7.50241 25.2109 13.1291 25.3332 19C25.2109 24.871 22.9602 30.4976 18.9998 34.8334C15.0395 30.4976 12.7888 24.871 12.6665 19C12.7888 13.1291 15.0395 7.50241 18.9998 3.16669Z\" stroke=\"#92278F\" stroke-width=\"3\" stroke-linecap=\"round\" stroke-linejoin=\"round\"><\/path><\/svg>                                <\/span>\r\n                                                                        <\/div>\r\n                    <div class=\"services-item__content\">\r\n                                                    <h4 class=\"services-item__tp-title tp-srv-title mb-30 ele-feature-title\">\r\n                                                                    Connectivity                                                            <\/h4>\r\n                        \r\n                                                    <p class=\"ele-feature-content\"><ul>\n<li>Access network technologies (RAN) - remote areas<\/li>\n<li>Specialized radio frequency (RF) electronics for wide coverage and low power consumption<\/li>\n<li>Batteries and solar cells<\/li>\n<\/ul><\/p>\r\n                            \r\n                                            <\/div>\r\n                <\/div>\r\n            <\/div>\r\n                        <div class=\"col-xl-4 col-lg-6 col-md-6 col-12\">\r\n                <div class=\"services-item mb-40 wow fadeInUp elementor-repeater-item-6ede96e ele-feature-section\" data-wow-delay=\".2s\">\r\n                    <div class=\"services-item__icon mb-30\">\r\n                                                                                    <span class=\"tp-sv-icon ele-feature-icon\">\r\n                                    <svg xmlns=\"http:\/\/www.w3.org\/2000\/svg\" width=\"38\" height=\"38\" viewbox=\"0 0 38 38\" fill=\"none\"><g clip-path=\"url(#clip0_1011_1539)\"><path d=\"M28.5002 6.33331H9.50016C7.75126 6.33331 6.3335 7.75108 6.3335 9.49998V28.5C6.3335 30.2489 7.75126 31.6666 9.50016 31.6666H28.5002C30.2491 31.6666 31.6668 30.2489 31.6668 28.5V9.49998C31.6668 7.75108 30.2491 6.33331 28.5002 6.33331Z\" stroke=\"#F15A22\" stroke-width=\"3\" stroke-linecap=\"round\" stroke-linejoin=\"round\"><\/path><path d=\"M23.75 14.25H14.25V23.75H23.75V14.25Z\" stroke=\"#F15A22\" stroke-width=\"3\" stroke-linecap=\"round\" stroke-linejoin=\"round\"><\/path><path d=\"M14.25 1.58331V6.33331\" stroke=\"#F15A22\" stroke-width=\"3\" stroke-linecap=\"round\" stroke-linejoin=\"round\"><\/path><path d=\"M23.75 1.58331V6.33331\" stroke=\"#F15A22\" stroke-width=\"3\" stroke-linecap=\"round\" stroke-linejoin=\"round\"><\/path><path d=\"M14.25 31.6667V36.4167\" stroke=\"#F15A22\" stroke-width=\"3\" stroke-linecap=\"round\" stroke-linejoin=\"round\"><\/path><path d=\"M23.75 31.6667V36.4167\" stroke=\"#F15A22\" stroke-width=\"3\" stroke-linecap=\"round\" stroke-linejoin=\"round\"><\/path><path d=\"M31.6665 14.25H36.4165\" stroke=\"#F15A22\" stroke-width=\"3\" stroke-linecap=\"round\" stroke-linejoin=\"round\"><\/path><path d=\"M31.6665 22.1667H36.4165\" stroke=\"#F15A22\" stroke-width=\"3\" stroke-linecap=\"round\" stroke-linejoin=\"round\"><\/path><path d=\"M1.5835 14.25H6.3335\" stroke=\"#F15A22\" stroke-width=\"3\" stroke-linecap=\"round\" stroke-linejoin=\"round\"><\/path><path d=\"M1.5835 22.1667H6.3335\" stroke=\"#F15A22\" stroke-width=\"3\" stroke-linecap=\"round\" stroke-linejoin=\"round\"><\/path><\/g><defs><clippath id=\"clip0_1011_1539\"><rect width=\"38\" height=\"38\" fill=\"white\"><\/rect><\/clippath><\/defs><\/svg>                                <\/span>\r\n                                                                        <\/div>\r\n                    <div class=\"services-item__content\">\r\n                                                    <h4 class=\"services-item__tp-title tp-srv-title mb-30 ele-feature-title\">\r\n                                                                    AI and Remote Sensing                                                            <\/h4>\r\n                        \r\n                                                    <p class=\"ele-feature-content\"><ul>\n<li>Multispectral images and three-dimensional sensing<\/li>\n<li>Machine learning and edge and cloud computing<\/li>\n<li>Fusion of different types of data<\/li>\n<li>Databases<\/li>\n<\/ul><\/p>\r\n                            \r\n                                            <\/div>\r\n                <\/div>\r\n            <\/div>\r\n                        <div class=\"col-xl-4 col-lg-6 col-md-6 col-12\">\r\n                <div class=\"services-item mb-40 wow fadeInUp elementor-repeater-item-936a114 ele-feature-section\" data-wow-delay=\".2s\">\r\n                    <div class=\"services-item__icon mb-30\">\r\n                                                                                    <span class=\"tp-sv-icon ele-feature-icon\">\r\n                                    <svg xmlns=\"http:\/\/www.w3.org\/2000\/svg\" width=\"38\" height=\"38\" viewbox=\"0 0 38 38\" fill=\"none\"><path d=\"M26.9165 3.16663H11.0832C9.33427 3.16663 7.9165 4.58439 7.9165 6.33329V31.6666C7.9165 33.4155 9.33427 34.8333 11.0832 34.8333H26.9165C28.6654 34.8333 30.0832 33.4155 30.0832 31.6666V6.33329C30.0832 4.58439 28.6654 3.16663 26.9165 3.16663Z\" stroke=\"#FDB913\" stroke-width=\"3\" stroke-linecap=\"round\" stroke-linejoin=\"round\"><\/path><path d=\"M19 28.5H19.0158\" stroke=\"#FDB913\" stroke-width=\"3\" stroke-linecap=\"round\" stroke-linejoin=\"round\"><\/path><\/svg>                                <\/span>\r\n                                                                        <\/div>\r\n                    <div class=\"services-item__content\">\r\n                                                    <h4 class=\"services-item__tp-title tp-srv-title mb-30 ele-feature-title\">\r\n                                                                    Automation and Precision Agriculture                                                            <\/h4>\r\n                        \r\n                                                    <p class=\"ele-feature-content\"><ul>\n<li>Machine learning<\/li>\n<li>Analytics and BlockChain<\/li>\n<li>Robotics and embedded system architectures<\/li>\n<li>Drones and proximity sensing<\/li>\n<\/ul><\/p>\r\n                            \r\n                                            <\/div>\r\n                <\/div>\r\n            <\/div>\r\n                        <div class=\"col-xl-4 col-lg-6 col-md-6 col-12\">\r\n                <div class=\"services-item mb-40 wow fadeInUp elementor-repeater-item-ff71a26 ele-feature-section\" data-wow-delay=\".2s\">\r\n                    <div class=\"services-item__icon mb-30\">\r\n                                                                                    <span class=\"tp-sv-icon ele-feature-icon\">\r\n                                    <svg xmlns=\"http:\/\/www.w3.org\/2000\/svg\" width=\"38\" height=\"38\" viewbox=\"0 0 38 38\" fill=\"none\"><path d=\"M33.25 15.8334C33.25 26.9167 19 36.4167 19 36.4167C19 36.4167 4.75 26.9167 4.75 15.8334C4.75 12.054 6.25133 8.4295 8.92373 5.7571C11.5961 3.08471 15.2207 1.58337 19 1.58337C22.7793 1.58337 26.4039 3.08471 29.0763 5.7571C31.7487 8.4295 33.25 12.054 33.25 15.8334Z\" stroke=\"#19ABB5\" stroke-width=\"3\" stroke-linecap=\"round\" stroke-linejoin=\"round\"><\/path><path d=\"M19 20.5834C21.6234 20.5834 23.75 18.4567 23.75 15.8334C23.75 13.21 21.6234 11.0834 19 11.0834C16.3766 11.0834 14.25 13.21 14.25 15.8334C14.25 18.4567 16.3766 20.5834 19 20.5834Z\" stroke=\"#19ABB5\" stroke-width=\"3\" stroke-linecap=\"round\" stroke-linejoin=\"round\"><\/path><\/svg>                                <\/span>\r\n                                                                        <\/div>\r\n                    <div class=\"services-item__content\">\r\n                                                    <h4 class=\"services-item__tp-title tp-srv-title mb-30 ele-feature-title\">\r\n                                                                    Traceability                                                            <\/h4>\r\n                        \r\n                                                    <p class=\"ele-feature-content\"><ul>\n<li>Traceability and digital certification<\/li>\n<li>Digital marketplace platform<\/li>\n<li>Public and private APIs<\/li>\n<li>Digital tokenization and cryptocurrency assets<\/li>\n<\/ul><\/p>\r\n                            \r\n                                            <\/div>\r\n                <\/div>\r\n            <\/div>\r\n                        <div class=\"col-xl-4 col-lg-6 col-md-6 col-12\">\r\n                <div class=\"services-item mb-40 wow fadeInUp elementor-repeater-item-d9a407b ele-feature-section\" data-wow-delay=\".2s\">\r\n                    <div class=\"services-item__icon mb-30\">\r\n                                                                                    <span class=\"tp-sv-icon ele-feature-icon\">\r\n                                    <i aria-hidden=\"true\" class=\"fal fa-comments\"><\/i>                                <\/span>\r\n                                                                        <\/div>\r\n                    <div class=\"services-item__content\">\r\n                                                    <h4 class=\"services-item__tp-title tp-srv-title mb-30 ele-feature-title\">\r\n                                                                    Partnerships and communication                                                            <\/h4>\r\n                        \r\n                                                    <p class=\"ele-feature-content\"><ul>\n<li>National partnerships<\/li>\n<li>International partnerships<\/li>\n<li>Institutional communication l<\/li>\n<li>Scientific dissemination<\/li>\n<\/ul><\/p>\r\n                            \r\n                                            <\/div>\r\n                <\/div>\r\n            <\/div>\r\n                    <\/div>\r\n    <\/div>\r\n<\/section>\r\n\r\n\t\t<\/div>\n\t\t\t\t<\/div>\n\t\t\t\t<div class=\"elementor-element elementor-element-22edf39 elementor-widget elementor-widget-html\" data-id=\"22edf39\" data-element_type=\"widget\" data-widget_type=\"html.default\">\n\t\t\t\t<div class=\"elementor-widget-container\">\n\t\t\t<style>.breadcrumb__overlay::after {\n    background-color: rgba(28, 104, 166, 0.7);\n}<\/style>\t\t<\/div>\n\t\t\t\t<\/div>\n\t\t\t\t\t<\/div>\n\t\t<\/div>\n\t\t\t\t\t<\/div>\n\t\t<\/section>\n\t\t\t\t<\/div>","protected":false},"excerpt":{"rendered":"<p>Eixos de Atua\u00e7\u00e3o Sele\u00e7\u00e3o DATs e Avalia\u00e7\u00e3o Impactos Aspectos sociais, econ\u00f4micos, agentes de desenvolvimento local Defini\u00e7\u00e3o dos DATS Avalia\u00e7\u00e3o de impactos socioecon\u00f4micos Conectividade Tecnologias de rede de acesso (RAN) &#8211; \u00e1reas remotas Eletr\u00f4nica de R\u00e1dio Frequ\u00eancia (RF) especializada para amplas coberturas e baixo consumo Baterias e c\u00e9lulas solares IA e Sensoriamento Remoto Imagens multiespectrais e [&hellip;]<\/p>","protected":false},"author":1,"featured_media":0,"parent":0,"menu_order":0,"comment_status":"closed","ping_status":"closed","template":"elementor_header_footer","meta":{"footnotes":""},"class_list":["post-771","page","type-page","status-publish","hentry"],"acf":[],"_links":{"self":[{"href":"https:\/\/www.semear-digital.cnptia.embrapa.br\/en\/wp-json\/wp\/v2\/pages\/771","targetHints":{"allow":["GET"]}}],"collection":[{"href":"https:\/\/www.semear-digital.cnptia.embrapa.br\/en\/wp-json\/wp\/v2\/pages"}],"about":[{"href":"https:\/\/www.semear-digital.cnptia.embrapa.br\/en\/wp-json\/wp\/v2\/types\/page"}],"author":[{"embeddable":true,"href":"https:\/\/www.semear-digital.cnptia.embrapa.br\/en\/wp-json\/wp\/v2\/users\/1"}],"replies":[{"embeddable":true,"href":"https:\/\/www.semear-digital.cnptia.embrapa.br\/en\/wp-json\/wp\/v2\/comments?post=771"}],"version-history":[{"count":44,"href":"https:\/\/www.semear-digital.cnptia.embrapa.br\/en\/wp-json\/wp\/v2\/pages\/771\/revisions"}],"predecessor-version":[{"id":5930,"href":"https:\/\/www.semear-digital.cnptia.embrapa.br\/en\/wp-json\/wp\/v2\/pages\/771\/revisions\/5930"}],"wp:attachment":[{"href":"https:\/\/www.semear-digital.cnptia.embrapa.br\/en\/wp-json\/wp\/v2\/media?parent=771"}],"curies":[{"name":"wp","href":"https:\/\/api.w.org\/{rel}","templated":true}]}}