{"id":3042,"date":"2025-05-21T10:39:16","date_gmt":"2025-05-21T13:39:16","guid":{"rendered":"https:\/\/www.semear-digital.cnptia.embrapa.br\/?page_id=3042"},"modified":"2025-11-07T12:09:44","modified_gmt":"2025-11-07T15:09:44","slug":"dats","status":"publish","type":"page","link":"https:\/\/www.semear-digital.cnptia.embrapa.br\/en\/dats\/","title":{"rendered":"DATs"},"content":{"rendered":"<div data-elementor-type=\"wp-page\" data-elementor-id=\"3042\" class=\"elementor elementor-3042\" data-elementor-post-type=\"page\">\n\t\t\t\t\t\t<section class=\"elementor-section elementor-top-section elementor-element elementor-element-39632d7 elementor-section-full_width elementor-section-height-default elementor-section-height-default\" data-id=\"39632d7\" data-element_type=\"section\">\n\t\t\t\t\t\t<div class=\"elementor-container elementor-column-gap-no\">\n\t\t\t\t\t<div class=\"elementor-column elementor-col-100 elementor-top-column elementor-element elementor-element-728430c\" data-id=\"728430c\" data-element_type=\"column\">\n\t\t\t<div class=\"elementor-widget-wrap elementor-element-populated\">\n\t\t\t\t\t\t<div class=\"elementor-element elementor-element-445c5e1 elementor-widget elementor-widget-about\" data-id=\"445c5e1\" data-element_type=\"widget\" data-widget_type=\"about.default\">\n\t\t\t\t<div class=\"elementor-widget-container\">\n\t\t\t\r\n\r\n<section class=\"about-area ele-section\">\r\n    <div class=\"container\">\r\n        <div class=\"row\">\r\n        <div class=\"col-xl-6 col-lg-4 col-12\">\r\n            <div class=\"tp-about-thumb mb-60 wow fadeInLeft\" data-wow-delay=\".3s\">\r\n                <div class=\"tp-ab-img d-flex\">\r\n                                    <div class=\"tp-ab-main-img p-relative\">\r\n                        <img decoding=\"async\" src=\"https:\/\/www.semear-digital.cnptia.embrapa.br\/wp-content\/uploads\/2024\/05\/Img-1-DATs-Semear-Digital.jpg\" alt=\"\">\r\n                        <div class=\"about__exprience tp-ab-counter ele-experience-style\">\r\n                                                            <h3 class=\"counter\">\r\n                                    10                                <\/h3>\r\n                                                                                        <i>Distritos\nAgrotecnol\u00f3gicos<\/i>\r\n                                                    <\/div>\r\n                    <\/div>\r\n                                        <div class=\"tp-ab-shape d-none d-md-block d-lg-none d-xl-block\">\r\n                                            <img decoding=\"async\" class=\"ab-shape-one\" src=\"https:\/\/www.semear-digital.cnptia.embrapa.br\/wp-content\/uploads\/2024\/05\/Img-2-DATs-Semear-Digital.jpg\" alt=\"\">\r\n                                                                <img decoding=\"async\" class=\"ab-shape-two\" src=\"https:\/\/www.semear-digital.cnptia.embrapa.br\/wp-content\/uploads\/2024\/05\/Img-3-DATs-Semear-Digital.jpg\" alt=\"\">\r\n                                        <\/div>\r\n                <\/div>\r\n            <\/div>\r\n        <\/div>\r\n        <div class=\"col-xl-6 col-lg-8 col-12\">\r\n            <div class=\"about-content about-align mb-60 wow fadeInRight\" data-wow-delay=\".3s\">\r\n                                <div class=\"tp-section\">\r\n                                        <h3 class=\"tp-section__title ab-title mb-25 ele-title\">What are DATs?<\/h3>                                                                <p class=\"mr-20 mb-40 ele-content\">The 10 Agrotechnological Districts have been selected based on socioeconomic indicators and considering the diversity of production and natural resources. These districts serve as a model or showcase for digital technologies and services that focus on solving real problems in the field. \n<br><br>\nThe DATs established in different regions of Brazil,  facilitate the identification of connectivity bottlenecks and the investigation and validation of technologies for various production chains.\n<br><br>\nSemear Digital collaborates with a range of partners to deliver solutions that enhance internet access, support research initiatives, validate digital technologies, and provide training to \nrural producers, agricultural technicians, extension workers, and consultants.<\/p>\r\n                                    <\/div>\r\n                                <div class=\"tp-about__info-list ab-check-list mb-55\">\r\n                    <ul>\r\n                                        <li class=\"ele-feature-content\">\r\n                                                                                                                <\/li>\r\n                                        <\/ul>\r\n                <\/div>\r\n                                                    <div class=\"about-content__btn\">\r\n                        <a href=\"#dats\" class=\"tp-btn ele-button\">\r\n                            Learn about DATs                        <\/a>\r\n                        <\/div>\r\n                                                <\/div>\r\n        <\/div>\r\n        <\/div>\r\n    <\/div>\r\n<\/section>\r\n\r\n\t\t<\/div>\n\t\t\t\t<\/div>\n\t\t\t\t\t<\/div>\n\t\t<\/div>\n\t\t\t\t\t<\/div>\n\t\t<\/section>\n\t\t<div class=\"elementor-element elementor-element-5ccf059 e-flex e-con-boxed e-con e-parent\" data-id=\"5ccf059\" data-element_type=\"container\" data-settings=\"{&quot;background_background&quot;:&quot;classic&quot;}\">\n\t\t\t\t\t<div class=\"e-con-inner\">\n\t\t\t\t<div class=\"elementor-element elementor-element-1ad4bb5 elementor-widget elementor-widget-shortcode\" data-id=\"1ad4bb5\" data-element_type=\"widget\" data-widget_type=\"shortcode.default\">\n\t\t\t\t<div class=\"elementor-widget-container\">\n\t\t\t\t\t<div class=\"elementor-shortcode\"><style>\n  \/* A classe container-card ir\u00e1 controlar o layout do grid *\/\n  .container-card {\n    display: grid;\n\tpadding: 60px 0px 60px 0px;\n    gap: 16px;\n    margin: 0 auto;\n    justify-content: center;\n    \/* Layout padr\u00e3o (acima de 1370px): 5 colunas *\/\n    grid-template-columns: repeat(5, 274px);\n    grid-template-rows: auto; \n\tmax-width: 1371px;\n\twidth: 100%;\n\t  justify-items: center;\n  }\n\n   .card {\n    display: flex;\n    flex-direction: row;\n    cursor: pointer;\n    height: 334px;\n    width: 100%;\n    align-items: flex-end;\n    border-radius: 1.5rem;\n    background-size: cover;\n    background-position: center;\n\tbackground-repeat: no-repeat;\n    transition: transform 0.2s ease-out, box-shadow 0.2s ease-out;\n }\n\n \/* ADICIONE ESTE BLOCO para o efeito hover *\/\n .card:hover {\n    transform: scale(1.02); \/* Aumenta o card em 2% *\/\n    \/* Opcional: adicione uma sombra suave se desejar *\/\n    box-shadow: 0 4px 12px rgba(0, 0, 0, 0.1);\n }\n\n  \/* Responsividade *\/\n  \/* M\u00e1x. 1370px => 4 cards por linha *\/\n  @media (max-width: 1370px) {\n    .container-card {\n      grid-template-columns: repeat(4, 274px);\n    }\n  }\n  \/* M\u00e1x. 1096px => 3 cards por linha *\/\n  @media (max-width: 1435px) {\n    .container-card {\n      grid-template-columns: repeat(3, 274px);\n    }\n  }\n  \/* M\u00e1x. 860px => 2 cards por linha *\/\n  @media (max-width: 860px) {\n    .container-card {\n      grid-template-columns: repeat(2, 274px);\n    }\n  }\n  \/* M\u00e1x. 558px => 1 card por linha *\/\n  @media (max-width: 558px) {\n    .container-card {\n      grid-template-columns: 100%;\n    }\n  }\n<\/style>\n  <div class=\"container-card\">\n          <a \n        href=\"https:\/\/www.semear-digital.cnptia.embrapa.br\/en\/dats\/distrito\/dat-alto-alegre\/\" \n        class=\"card-link\" \n        style=\"display: block; text-decoration: none; width:100%;\"\n      >\n        <div\n          class=\"card\"\n          style=\"background-image: url('https:\/\/www.semear-digital.cnptia.embrapa.br\/wp-content\/uploads\/2025\/05\/altoalegre-183760040o.jpg');\"\n        >\n          <div style=\"            border-bottom-left-radius: 1.5rem;             border-bottom-right-radius: 1.5rem;             width: 100%;             height: 126px;             background-color: rgba(9, 9, 9, 0.75);             padding: 12px;          \">\n            <h6 style=\"color: white; text-align: center;\">\n              Alto Alegre - (SP)\n            <\/h6>\n            <p class=\"p-card\" style=\"text-align: center; color: white;\">\n                          <\/p>\n            <p style=\"color: white; text-align: center; line-height: normal;\">\n              Sugar cane and dairy farming            <\/p>\n          <\/div>\n        <\/div>\n      <\/a>\n          <a \n        href=\"https:\/\/www.semear-digital.cnptia.embrapa.br\/en\/dats\/distrito\/dat-boa-vista-do-tupim\/\" \n        class=\"card-link\" \n        style=\"display: block; text-decoration: none; width:100%;\"\n      >\n        <div\n          class=\"card\"\n          style=\"background-image: url('https:\/\/www.semear-digital.cnptia.embrapa.br\/wp-content\/uploads\/2025\/05\/WhatsApp-Image-2024-04-18-at-16.50.32.jpeg');\"\n        >\n          <div style=\"            border-bottom-left-radius: 1.5rem;             border-bottom-right-radius: 1.5rem;             width: 100%;             height: 126px;             background-color: rgba(9, 9, 9, 0.75);             padding: 12px;          \">\n            <h6 style=\"color: white; text-align: center;\">\n              Boa Vista de Tupim - (BA)\n            <\/h6>\n            <p class=\"p-card\" style=\"text-align: center; color: white;\">\n                          <\/p>\n            <p style=\"color: white; text-align: center; line-height: normal;\">\n              Cassava, licuri and honey            <\/p>\n          <\/div>\n        <\/div>\n      <\/a>\n          <a \n        href=\"https:\/\/www.semear-digital.cnptia.embrapa.br\/en\/dats\/distrito\/dat-breves\/\" \n        class=\"card-link\" \n        style=\"display: block; text-decoration: none; width:100%;\"\n      >\n        <div\n          class=\"card\"\n          style=\"background-image: url('https:\/\/www.semear-digital.cnptia.embrapa.br\/wp-content\/uploads\/2025\/05\/139120040o-scaled.jpg');\"\n        >\n          <div style=\"            border-bottom-left-radius: 1.5rem;             border-bottom-right-radius: 1.5rem;             width: 100%;             height: 126px;             background-color: rgba(9, 9, 9, 0.75);             padding: 12px;          \">\n            <h6 style=\"color: white; text-align: center;\">\n              Breves - (PA)\n            <\/h6>\n            <p class=\"p-card\" style=\"text-align: center; color: white;\">\n                          <\/p>\n            <p style=\"color: white; text-align: center; line-height: normal;\">\n              A\u00e7a\u00ed and honey            <\/p>\n          <\/div>\n        <\/div>\n      <\/a>\n          <a \n        href=\"https:\/\/www.semear-digital.cnptia.embrapa.br\/en\/dats\/distrito\/dat-caconde\/\" \n        class=\"card-link\" \n        style=\"display: block; text-decoration: none; width:100%;\"\n      >\n        <div\n          class=\"card\"\n          style=\"background-image: url('https:\/\/www.semear-digital.cnptia.embrapa.br\/wp-content\/uploads\/2025\/05\/Caconde-1.jpg');\"\n        >\n          <div style=\"            border-bottom-left-radius: 1.5rem;             border-bottom-right-radius: 1.5rem;             width: 100%;             height: 126px;             background-color: rgba(9, 9, 9, 0.75);             padding: 12px;          \">\n            <h6 style=\"color: white; text-align: center;\">\n              Caconde - (SP)\n            <\/h6>\n            <p class=\"p-card\" style=\"text-align: center; color: white;\">\n                          <\/p>\n            <p style=\"color: white; text-align: center; line-height: normal;\">\n              Coffee and fish farming            <\/p>\n          <\/div>\n        <\/div>\n      <\/a>\n          <a \n        href=\"https:\/\/www.semear-digital.cnptia.embrapa.br\/en\/dats\/distrito\/dat-guia-lopes-da-laguna\/\" \n        class=\"card-link\" \n        style=\"display: block; text-decoration: none; width:100%;\"\n      >\n        <div\n          class=\"card\"\n          style=\"background-image: url('https:\/\/www.semear-digital.cnptia.embrapa.br\/wp-content\/uploads\/2025\/05\/WhatsApp-Image-2025-02-14-at-13.02.58-scaled.jpeg');\"\n        >\n          <div style=\"            border-bottom-left-radius: 1.5rem;             border-bottom-right-radius: 1.5rem;             width: 100%;             height: 126px;             background-color: rgba(9, 9, 9, 0.75);             padding: 12px;          \">\n            <h6 style=\"color: white; text-align: center;\">\n              G. Lopes da Laguna - (MS)\n            <\/h6>\n            <p class=\"p-card\" style=\"text-align: center; color: white;\">\n                          <\/p>\n            <p style=\"color: white; text-align: center; line-height: normal;\">\n              Soy and integrated crop livestock forestry systems (ILPF)            <\/p>\n          <\/div>\n        <\/div>\n      <\/a>\n          <a \n        href=\"https:\/\/www.semear-digital.cnptia.embrapa.br\/en\/dats\/distrito\/dat-ingai\/\" \n        class=\"card-link\" \n        style=\"display: block; text-decoration: none; width:100%;\"\n      >\n        <div\n          class=\"card\"\n          style=\"background-image: url('https:\/\/www.semear-digital.cnptia.embrapa.br\/wp-content\/uploads\/2025\/05\/Copia-de-234160200o-scaled.jpg');\"\n        >\n          <div style=\"            border-bottom-left-radius: 1.5rem;             border-bottom-right-radius: 1.5rem;             width: 100%;             height: 126px;             background-color: rgba(9, 9, 9, 0.75);             padding: 12px;          \">\n            <h6 style=\"color: white; text-align: center;\">\n              Inga\u00ed - (MG)\n            <\/h6>\n            <p class=\"p-card\" style=\"text-align: center; color: white;\">\n                          <\/p>\n            <p style=\"color: white; text-align: center; line-height: normal;\">\n              Dairy farming            <\/p>\n          <\/div>\n        <\/div>\n      <\/a>\n          <a \n        href=\"https:\/\/www.semear-digital.cnptia.embrapa.br\/en\/dats\/distrito\/dat-jacupiranga\/\" \n        class=\"card-link\" \n        style=\"display: block; text-decoration: none; width:100%;\"\n      >\n        <div\n          class=\"card\"\n          style=\"background-image: url('https:\/\/www.semear-digital.cnptia.embrapa.br\/wp-content\/uploads\/2025\/05\/Copia-de-banana.jpg');\"\n        >\n          <div style=\"            border-bottom-left-radius: 1.5rem;             border-bottom-right-radius: 1.5rem;             width: 100%;             height: 126px;             background-color: rgba(9, 9, 9, 0.75);             padding: 12px;          \">\n            <h6 style=\"color: white; text-align: center;\">\n              Jacupiranga - (SP)\n            <\/h6>\n            <p class=\"p-card\" style=\"text-align: center; color: white;\">\n                          <\/p>\n            <p style=\"color: white; text-align: center; line-height: normal;\">\n              Banana, pupunha palm and fish farming            <\/p>\n          <\/div>\n        <\/div>\n      <\/a>\n          <a \n        href=\"https:\/\/www.semear-digital.cnptia.embrapa.br\/en\/dats\/distrito\/dat-lagoinha\/\" \n        class=\"card-link\" \n        style=\"display: block; text-decoration: none; width:100%;\"\n      >\n        <div\n          class=\"card\"\n          style=\"background-image: url('https:\/\/www.semear-digital.cnptia.embrapa.br\/wp-content\/uploads\/2025\/05\/Copia-de-_FOT3956.jpg');\"\n        >\n          <div style=\"            border-bottom-left-radius: 1.5rem;             border-bottom-right-radius: 1.5rem;             width: 100%;             height: 126px;             background-color: rgba(9, 9, 9, 0.75);             padding: 12px;          \">\n            <h6 style=\"color: white; text-align: center;\">\n              Lagoinha - (SP)\n            <\/h6>\n            <p class=\"p-card\" style=\"text-align: center; color: white;\">\n                          <\/p>\n            <p style=\"color: white; text-align: center; line-height: normal;\">\n              Dairy farming and pasture recovery            <\/p>\n          <\/div>\n        <\/div>\n      <\/a>\n          <a \n        href=\"https:\/\/www.semear-digital.cnptia.embrapa.br\/en\/dats\/distrito\/dat-sao-miguel-arcanjo\/\" \n        class=\"card-link\" \n        style=\"display: block; text-decoration: none; width:100%;\"\n      >\n        <div\n          class=\"card\"\n          style=\"background-image: url('https:\/\/www.semear-digital.cnptia.embrapa.br\/wp-content\/uploads\/2025\/05\/Sao-Mieguel-Arcanjo-DAT-5.jpg');\"\n        >\n          <div style=\"            border-bottom-left-radius: 1.5rem;             border-bottom-right-radius: 1.5rem;             width: 100%;             height: 126px;             background-color: rgba(9, 9, 9, 0.75);             padding: 12px;          \">\n            <h6 style=\"color: white; text-align: center;\">\n              S\u00e3o Miguel Arcanjo - (SP)\n            <\/h6>\n            <p class=\"p-card\" style=\"text-align: center; color: white;\">\n                          <\/p>\n            <p style=\"color: white; text-align: center; line-height: normal;\">\n              Vegetables and grape            <\/p>\n          <\/div>\n        <\/div>\n      <\/a>\n          <a \n        href=\"https:\/\/www.semear-digital.cnptia.embrapa.br\/en\/dats\/distrito\/dat-vacaria\/\" \n        class=\"card-link\" \n        style=\"display: block; text-decoration: none; width:100%;\"\n      >\n        <div\n          class=\"card\"\n          style=\"background-image: url('https:\/\/www.semear-digital.cnptia.embrapa.br\/wp-content\/uploads\/2025\/05\/Copia-de-maca_1-scaled.jpg');\"\n        >\n          <div style=\"            border-bottom-left-radius: 1.5rem;             border-bottom-right-radius: 1.5rem;             width: 100%;             height: 126px;             background-color: rgba(9, 9, 9, 0.75);             padding: 12px;          \">\n            <h6 style=\"color: white; text-align: center;\">\n              Vacaria - (RS)\n            <\/h6>\n            <p class=\"p-card\" style=\"text-align: center; color: white;\">\n                          <\/p>\n            <p style=\"color: white; text-align: center; line-height: normal;\">\n              Apple and blackberry            <\/p>\n          <\/div>\n        <\/div>\n      <\/a>\n      <\/div>\n\n\n\n  <\/div>\n\t\t\t\t<\/div>\n\t\t\t\t<\/div>\n\t\t\t\t\t<\/div>\n\t\t\t\t<\/div>\n\t\t\t\t<\/div>","protected":false},"excerpt":{"rendered":"<p>10 Distritos Agrotecnol\u00f3gicos O que s\u00e3o os DATs Selecionados com base em indicadores socioecono\u0302micos e considerando a diversidade produtiva e de recursos naturais, os 10 Distritos Agrotecnol\u00f3gicos funcionam como um modelo ou vitrine para tecnologias e servi\u00e7os digitais que tenham foco na solu\u00e7\u00e3o de problemas reais do campo. Estabelecidos em diferentes regi\u00f5es do Brasil, os [&hellip;]<\/p>","protected":false},"author":1,"featured_media":0,"parent":0,"menu_order":0,"comment_status":"closed","ping_status":"closed","template":"elementor_header_footer","meta":{"footnotes":""},"class_list":["post-3042","page","type-page","status-publish","hentry"],"acf":[],"_links":{"self":[{"href":"https:\/\/www.semear-digital.cnptia.embrapa.br\/en\/wp-json\/wp\/v2\/pages\/3042","targetHints":{"allow":["GET"]}}],"collection":[{"href":"https:\/\/www.semear-digital.cnptia.embrapa.br\/en\/wp-json\/wp\/v2\/pages"}],"about":[{"href":"https:\/\/www.semear-digital.cnptia.embrapa.br\/en\/wp-json\/wp\/v2\/types\/page"}],"author":[{"embeddable":true,"href":"https:\/\/www.semear-digital.cnptia.embrapa.br\/en\/wp-json\/wp\/v2\/users\/1"}],"replies":[{"embeddable":true,"href":"https:\/\/www.semear-digital.cnptia.embrapa.br\/en\/wp-json\/wp\/v2\/comments?post=3042"}],"version-history":[{"count":7,"href":"https:\/\/www.semear-digital.cnptia.embrapa.br\/en\/wp-json\/wp\/v2\/pages\/3042\/revisions"}],"predecessor-version":[{"id":4031,"href":"https:\/\/www.semear-digital.cnptia.embrapa.br\/en\/wp-json\/wp\/v2\/pages\/3042\/revisions\/4031"}],"wp:attachment":[{"href":"https:\/\/www.semear-digital.cnptia.embrapa.br\/en\/wp-json\/wp\/v2\/media?parent=3042"}],"curies":[{"name":"wp","href":"https:\/\/api.w.org\/{rel}","templated":true}]}}