{"id":3,"date":"2024-03-24T13:47:12","date_gmt":"2024-03-24T16:47:12","guid":{"rendered":"https:\/\/www.semear-digital.cnptia.embrapa.br\/?page_id=3"},"modified":"2024-05-17T11:30:53","modified_gmt":"2024-05-17T14:30:53","slug":"aviso-de-privacidade","status":"publish","type":"page","link":"https:\/\/www.semear-digital.cnptia.embrapa.br\/en\/aviso-de-privacidade\/","title":{"rendered":"Privacy Notice"},"content":{"rendered":"<div class=\"css-14k8xnw\">\r\n<h2 class=\"wp-block-heading\">Privacy Notice<br \/><br \/><\/h2>\r\n<h4 class=\"chakra-text css-lnpln1\">Who we are<\/h4>\r\n<p class=\"chakra-text css-1lhcn0f\">Embrapa collects your personal data in accordance with this Privacy Notice and in compliance with relevant data protection laws, in particular the General Personal Data Protection Law (LGPD). This Notice provides the necessary information about your rights and obligations and explains how, why, and when we process your personal data.<\/p>\r\n<p class=\"chakra-text css-1lhcn0f\">Embrapa acts as both controller and\/or operator when processing your personal data. Should you have any queries, our Data Protection Officer is available to assist you via the Integrated Ombudsman and Access to Information Platform.<\/p>\r\n<a class=\"chakra-text css-kdux0s\" href=\"https:\/\/www.embrapa.br\/fale-conosco\/sac\/\" target=\"_blank\" rel=\"noopener\">Fala.BR \u2013 Integrated Platform for Ombudsman Services and Access to Information<\/a><\/div>\r\n<div class=\"css-14k8xnw\">\r\n<h4 class=\"chakra-text css-lnpln1\"><br \/>Information collected<\/h4>\r\n<p class=\"chakra-text css-1lhcn0f\">Embrapa processes your personal information in accordance with legal and contractual obligations, as well as to provide you with our products and services. We are committed to safeguarding your personal data and adhere to stringent data protection regulations. We process your information exclusively as outlined in this Notice.<\/p>\r\n<p class=\"chakra-text css-c516e2\">The personal data we collect is:<\/p>\r\n<ul class=\"chakra-text css-j4zd2z\">\r\n<li class=\"chakra-text css-0\">Data collected by Google Analytics. Google Analytics collects first-party cookies, device\/browser-related data, IP addresses, and website activity to measure and collect statistics about user interactions on websites that use Google Analytics.<\/li>\r\n<\/ul>\r\n<p class=\"chakra-text css-c516e2\">Information is collected in the following ways:<\/p>\r\n<p class=\"chakra-text css-1lhcn0f\">Google Analytics collects data through  user interactions on the website. In accordance with the provisions  of the LGPD, Google Analytics is classified as a data processor. This is because it collects and processes data on behalf of our customers, in accordance with their instructions. As data controllers, customers are entitled to exercise full authority over the collection, access, retention, and deletion of this data at any time. Google's use of the data is governed by the terms of the agreement between Google and Google Analytics customers, as well as the settings defined by customers in the product interface.<\/p>\r\n<p class=\"chakra-text css-1lhcn0f\"><span class=\"chakra-text css-0\">Many websites and apps use Google Analytics to understand how visitors interact with their sites. If you do not wish to have Analytics used in your browser, please install the Google Analytics add-on for that browser.\u00a0<\/span><a class=\"chakra-text css-f30q80\" href=\"https:\/\/support.google.com\/analytics\/answer\/6004245\" target=\"_blank\" rel=\"noopener\">Google Analytics\u00a0<\/a><span class=\"chakra-text css-0\">nesse navegador<\/span><\/p>\r\n<\/div>\r\n<div class=\"css-14k8xnw\">\r\n<h4 class=\"chakra-text css-lnpln1\"><br \/>Please find below details of how we use your personal data<\/h4>\r\n<ul class=\"chakra-text css-j4zd2z\">\r\n<li class=\"chakra-text css-0\">Embrapa  is committed to safeguarding the personal information of its users and will not disclose this information to third parties<\/li>\r\n<li class=\"chakra-text css-0\">Embrapa may, at any time, provide data or information relating to its users to comply with judicial or police demands, or at the request of the Public Prosecutor's Office, and also under the terms of Law No. 13,709\/2018 or related legislation.<\/li>\r\n<\/ul>\r\n<p class=\"chakra-text css-c516e2\">The purposes and reasons for processing your personal data are detailed below:<\/p>\r\n<ul class=\"chakra-text css-j4zd2z\">\r\n<li class=\"chakra-text css-0\">We collect your interaction data on the website solely for statistical purposes to monitor the use and adoption of technology.<\/li>\r\n<li class=\"chakra-text css-0\">Embrapa will retain your personal data for legitimate and specific purposes that are lawful and related to the Company's mission, in compliance with current legislation. Should users wish to have their information deleted from the company's database, they are at liberty to make such a request  at any time.<\/li>\r\n<\/ul>\r\n<\/div>\r\n<div class=\"css-14k8xnw\">\r\n<h4 class=\"chakra-text css-lnpln1\"><br \/>Your Rights<\/h4>\r\n<p class=\"chakra-text css-1lhcn0f\">You have the right to access any personal information that we process about you. You may also request information about:<\/p>\r\n<ul class=\"chakra-text css-j4zd2z\">\r\n<li class=\"chakra-text css-0\">What personal data we have about you<\/li>\r\n<li class=\"chakra-text css-0\">The purposes of processing this data<\/li>\r\n<\/ul>\r\n<p class=\"chakra-text css-1lhcn0f\">As outlined in the section entitled \u201cThe purposes and reasons for processing your personal data\u201d, we occasionally process your personal data on the legal basis of the performance of a contract or preliminary procedures related to a contract to which the data subject is a party, since Embrapa will be providing a service, characterized as a provision of services.<\/p>\r\n<p class=\"chakra-text css-1lhcn0f\">Should  you believe that any of your data is incomplete or inaccurate, you have the right to request that we  correct and\/or complete the information. You also have the right to request the deletion of your personal data or to restrict its processing (where applicable) in accordance with data protection legislation, as well as the right to object to any direct marketing. Where applicable, you have the right to data portability of your information and the right to be informed about any automated decision-making we may use.<\/p>\r\n<p class=\"chakra-text css-1lhcn0f\">Should we receive a request to exercise any of the above rights, we may ask you to confirm your identity before we comply. This confirmation is necessary to ensure that your data is protected and kept secure.<\/p>\r\n<\/div>\r\n<div class=\"css-14k8xnw\">\r\n<h4 class=\"chakra-text css-lnpln1\"><br \/>Sharing and disclosing your personal information<\/h4>\r\n<p class=\"chakra-text css-1lhcn0f\">We do not share or disclose any personal data without your consent, except for the purposes specified in this Notice or when there is a legal requirement to do so.<\/p>\r\n<\/div>\r\n<div class=\"css-14k8xnw\">\r\n<h4 class=\"chakra-text css-lnpln1\"><br \/>Safeguard Measures<\/h4>\r\n<p class=\"chakra-text css-1lhcn0f\">We are committed to safeguarding your privacy and implementing robust  measures and precautions to protect your personal data. We work hard to protect you and your personal data from unauthorized access, accidental or unlawful alteration, disclosure, or destruction.<\/p>\r\n<\/div>\r\n<div class=\"css-14k8xnw\">\r\n<h4 class=\"chakra-text css-lnpln1\"><br \/>Consequences of not providing your data<\/h4>\r\n<p class=\"chakra-text css-1lhcn0f\">You are not required to provide your personal data. However, as this information is necessary to access some of our services or products, without it we are unable to offer them to you.<\/p>\r\n<\/div>\r\n<div class=\"css-14k8xnw\">\r\n<h4 class=\"chakra-text css-lnpln1\"><br \/>How long we keep your data<\/h4>\r\n<p class=\"chakra-text css-1lhcn0f\">Your personal data will be retained for as long as is necessary to fulfill our purposes or until you request the deletion of your personal data from our database.<\/p>\r\n<\/div>","protected":false},"excerpt":{"rendered":"<p>Aviso de Privacidade Quem somos A Embrapa coleta seus dados pessoais de acordo com este Aviso de Privacidade e em conformidade com as legisla\u00e7\u00f5es de prote\u00e7\u00e3o de dados relevantes, em especial a Lei Geral de Prote\u00e7\u00e3o de Dados Pessoais (LGPD). Este Aviso fornece as informa\u00e7\u00f5es necess\u00e1rias sobre seus direitos e obriga\u00e7\u00f5es e explica como, por [&hellip;]<\/p>","protected":false},"author":1,"featured_media":0,"parent":0,"menu_order":0,"comment_status":"closed","ping_status":"open","template":"","meta":{"footnotes":""},"class_list":["post-3","page","type-page","status-publish","hentry"],"acf":[],"_links":{"self":[{"href":"https:\/\/www.semear-digital.cnptia.embrapa.br\/en\/wp-json\/wp\/v2\/pages\/3","targetHints":{"allow":["GET"]}}],"collection":[{"href":"https:\/\/www.semear-digital.cnptia.embrapa.br\/en\/wp-json\/wp\/v2\/pages"}],"about":[{"href":"https:\/\/www.semear-digital.cnptia.embrapa.br\/en\/wp-json\/wp\/v2\/types\/page"}],"author":[{"embeddable":true,"href":"https:\/\/www.semear-digital.cnptia.embrapa.br\/en\/wp-json\/wp\/v2\/users\/1"}],"replies":[{"embeddable":true,"href":"https:\/\/www.semear-digital.cnptia.embrapa.br\/en\/wp-json\/wp\/v2\/comments?post=3"}],"version-history":[{"count":6,"href":"https:\/\/www.semear-digital.cnptia.embrapa.br\/en\/wp-json\/wp\/v2\/pages\/3\/revisions"}],"predecessor-version":[{"id":2318,"href":"https:\/\/www.semear-digital.cnptia.embrapa.br\/en\/wp-json\/wp\/v2\/pages\/3\/revisions\/2318"}],"wp:attachment":[{"href":"https:\/\/www.semear-digital.cnptia.embrapa.br\/en\/wp-json\/wp\/v2\/media?parent=3"}],"curies":[{"name":"wp","href":"https:\/\/api.w.org\/{rel}","templated":true}]}}