{"id":2192,"date":"2024-04-23T14:52:09","date_gmt":"2024-04-23T17:52:09","guid":{"rendered":"https:\/\/www.semear-digital.cnptia.embrapa.br\/?page_id=2192"},"modified":"2024-05-30T10:27:04","modified_gmt":"2024-05-30T13:27:04","slug":"oportunidades","status":"publish","type":"page","link":"https:\/\/www.semear-digital.cnptia.embrapa.br\/en\/oportunidades\/","title":{"rendered":"Oportunidades"},"content":{"rendered":"<div data-elementor-type=\"wp-page\" data-elementor-id=\"2192\" class=\"elementor elementor-2192\" data-elementor-post-type=\"page\">\n\t\t\t\t<div class=\"elementor-element elementor-element-12c5440 e-flex e-con-boxed e-con e-parent\" data-id=\"12c5440\" data-element_type=\"container\">\n\t\t\t\t\t<div class=\"e-con-inner\">\n\t\t\t\t<div class=\"elementor-element elementor-element-292a017 elementor-widget elementor-widget-research\" data-id=\"292a017\" data-element_type=\"widget\" data-widget_type=\"research.default\">\n\t\t\t\t<div class=\"elementor-widget-container\">\n\t\t\t\n\n<section class=\"research-area ele-section\">\n    <div class=\"container\">\n        <div class=\"row\">\n                    <\/div>\n        <div class=\"row\">\n                        <div class=\"col-xl-12 col-lg-12 col-md-12 col-12\">\n                <div class=\"research-item mb-50 wow fadeInUp\" data-wow-delay=\".2s\">\n                <div class=\"research-item__thum fix mb-20\">\n                                                                                <\/div>\n                <div class=\"research-item__content\">\n                                            <span class=\"ele-feature-cat\">Embrapa Agricultura Digital<\/span>\n                                                            <h4 class=\"research-item__title mb-20 ele-feature-cat ele-feature-title\">\n                                                <a href=\"https:\/\/www.fapesp.br\/oportunidades\/centro_de_ciencia_para_o_desenvolvimento_em_agricultura_digital_%E2%80%93_ccd-ad_semear\/5956\/\">Bolsa de PD em Modelagem de Cen\u00e1rios em Agricultura Digital<\/a>\n                                            <\/h4>\n                    \n                                            <p class=\"ele-feature-content\">Bolsa de P\u00f3s-Doutorado na \u00e1rea de modelagem de cen\u00e1rios em agricultura digital para atuar no Centro de Ci\u00eancia para o Desenvolvimento em Agricultura Digital (CCD-AD\/SemeAr, apoiado por meio do Programa Centros de Ci\u00eancia para o Desenvolvimento, da FAPESP), que visa ampliar a produ\u00e7\u00e3o e a produtividade no agroneg\u00f3cio de maneira mais sustent\u00e1vel em escala nacional por meio do uso de tecnologias digitais e conectividade, incluindo pequenos e m\u00e9dios produtores...\n<br><br>\n<strong>Data limite para inscri\u00e7\u00f5es:<\/strong> 05\/05\/2023\n<br>\n<strong>Publicado em:<\/strong> 14\/04\/2023<\/p>\n                    \n                                            <div style=\"display: flex; flex-direction: column; gap: 5px; max-width: 230px; \">\n\t\t\t\t\t\t\t<a style=\"text-align: center;\" class=\"research-item__btn ele-button\" target=\"_blank\" rel=\"\" href=\"https:\/\/www.fapesp.br\/oportunidades\/centro_de_ciencia_para_o_desenvolvimento_em_agricultura_digital_%E2%80%93_ccd-ad_semear\/5956\/\">\n                            <i><\/i>LEARN MORE                        <\/a> \n\t\t\t\t\t\n\t\t\t\t\t<\/div>\n                                    <\/div>\n                <\/div>\n            <\/div>\n                    <\/div>\n    <\/div>\n    <\/section>\n\n\n\t\t<\/div>\n\t\t\t\t<\/div>\n\t\t\t\t<div class=\"elementor-element elementor-element-0835d2b elementor-widget elementor-widget-html\" data-id=\"0835d2b\" data-element_type=\"widget\" data-widget_type=\"html.default\">\n\t\t\t\t<div class=\"elementor-widget-container\">\n\t\t\t<style>.breadcrumb__overlay::after {\n    background-color: rgba(28, 104, 166, 0.7);\n}<\/style>\t\t<\/div>\n\t\t\t\t<\/div>\n\t\t\t\t\t<\/div>\n\t\t\t\t<\/div>\n\t\t\t\t<\/div>","protected":false},"excerpt":{"rendered":"<p>Embrapa Agricultura Digital Bolsa de PD em Modelagem de Cen\u00e1rios em Agricultura Digital Bolsa de P\u00f3s-Doutorado na \u00e1rea de modelagem de cen\u00e1rios em agricultura digital para atuar no Centro de Ci\u00eancia para o Desenvolvimento em Agricultura Digital (CCD-AD\/SemeAr, apoiado por meio do Programa Centros de Ci\u00eancia para o Desenvolvimento, da FAPESP), que visa ampliar a [&hellip;]<\/p>","protected":false},"author":1,"featured_media":0,"parent":0,"menu_order":0,"comment_status":"closed","ping_status":"closed","template":"","meta":{"footnotes":""},"class_list":["post-2192","page","type-page","status-publish","hentry"],"acf":[],"_links":{"self":[{"href":"https:\/\/www.semear-digital.cnptia.embrapa.br\/en\/wp-json\/wp\/v2\/pages\/2192","targetHints":{"allow":["GET"]}}],"collection":[{"href":"https:\/\/www.semear-digital.cnptia.embrapa.br\/en\/wp-json\/wp\/v2\/pages"}],"about":[{"href":"https:\/\/www.semear-digital.cnptia.embrapa.br\/en\/wp-json\/wp\/v2\/types\/page"}],"author":[{"embeddable":true,"href":"https:\/\/www.semear-digital.cnptia.embrapa.br\/en\/wp-json\/wp\/v2\/users\/1"}],"replies":[{"embeddable":true,"href":"https:\/\/www.semear-digital.cnptia.embrapa.br\/en\/wp-json\/wp\/v2\/comments?post=2192"}],"version-history":[{"count":11,"href":"https:\/\/www.semear-digital.cnptia.embrapa.br\/en\/wp-json\/wp\/v2\/pages\/2192\/revisions"}],"predecessor-version":[{"id":2384,"href":"https:\/\/www.semear-digital.cnptia.embrapa.br\/en\/wp-json\/wp\/v2\/pages\/2192\/revisions\/2384"}],"wp:attachment":[{"href":"https:\/\/www.semear-digital.cnptia.embrapa.br\/en\/wp-json\/wp\/v2\/media?parent=2192"}],"curies":[{"name":"wp","href":"https:\/\/api.w.org\/{rel}","templated":true}]}}