{"id":1973,"date":"2024-04-22T19:28:55","date_gmt":"2024-04-22T22:28:55","guid":{"rendered":"https:\/\/www.semear-digital.cnptia.embrapa.br\/?page_id=1973"},"modified":"2026-04-08T09:17:34","modified_gmt":"2026-04-08T12:17:34","slug":"videos","status":"publish","type":"page","link":"https:\/\/www.semear-digital.cnptia.embrapa.br\/en\/videos\/","title":{"rendered":"Videos"},"content":{"rendered":"<div data-elementor-type=\"wp-page\" data-elementor-id=\"1973\" class=\"elementor elementor-1973\" data-elementor-post-type=\"page\">\n\t\t\t\t<div class=\"elementor-element elementor-element-3f6bd17 e-flex e-con-boxed e-con e-parent\" data-id=\"3f6bd17\" data-element_type=\"container\">\n\t\t\t\t\t<div class=\"e-con-inner\">\n\t\t\t\t<div class=\"elementor-element elementor-element-5896ab3 divulgacao_videos elementor-widget elementor-widget-tp-heading\" data-id=\"5896ab3\" data-element_type=\"widget\" data-widget_type=\"tp-heading.default\">\n\t\t\t\t<div class=\"elementor-widget-container\">\n\t\t\t\r\n\t\t                        <div class=\"tp-section\">\r\n                                    <span class=\"tp-section__sub-title left-line mb-20 tp-el-subtitle\">Disclosure<\/span>\r\n                \r\n                <h2 class=\"tp-section__title mb-50\">Videos<\/h2>\r\n                            <\/div>\r\n            \r\n\t\t\r\n        \t\t<\/div>\n\t\t\t\t<\/div>\n\t\t\t\t\t<\/div>\n\t\t\t\t<\/div>\n\t\t<div class=\"elementor-element elementor-element-ab1faaf videos e-flex e-con-boxed e-con e-parent\" data-id=\"ab1faaf\" data-element_type=\"container\">\n\t\t\t\t\t<div class=\"e-con-inner\">\n\t\t<div class=\"elementor-element elementor-element-0204eed e-con-full e-flex e-con e-child\" data-id=\"0204eed\" data-element_type=\"container\">\n\t\t\t\t<div class=\"elementor-element elementor-element-579213f elementor-widget elementor-widget-tp-video-popup\" data-id=\"579213f\" data-element_type=\"widget\" data-widget_type=\"tp-video-popup.default\">\n\t\t\t\t<div class=\"elementor-widget-container\">\n\t\t\t\r\n\t\t\r\n        <div class=\"video-area\">\r\n            <div class=\"video-bg p-relative\">\r\n                                    <img decoding=\"async\" src=\"https:\/\/www.semear-digital.cnptia.embrapa.br\/wp-content\/uploads\/2026\/04\/miniatura-video-vacaria.jpg\" alt=\"\">\r\n                                                <div class=\"video-bg-icon\">\r\n                    <a class=\"popup-video ele-play-button\" href=\"https:\/\/www.youtube.com\/watch?v=FfQy1lHuF1g\"><i class=\"fa-solid fa-play\"><\/i><\/a>\r\n                <\/div>\r\n                            <\/div>\r\n        <\/div>\r\n\r\n        \r\n        \t\t<\/div>\n\t\t\t\t<\/div>\n\t\t\t\t<div class=\"elementor-element elementor-element-b657cfa elementor-widget elementor-widget-text-editor\" data-id=\"b657cfa\" data-element_type=\"widget\" data-widget_type=\"text-editor.default\">\n\t\t\t\t<div class=\"elementor-widget-container\">\n\t\t\t<style>\/*! elementor - v3.21.0 - 22-05-2024 *\/\n.elementor-widget-text-editor.elementor-drop-cap-view-stacked .elementor-drop-cap{background-color:#69727d;color:#fff}.elementor-widget-text-editor.elementor-drop-cap-view-framed .elementor-drop-cap{color:#69727d;border:3px solid;background-color:transparent}.elementor-widget-text-editor:not(.elementor-drop-cap-view-default) .elementor-drop-cap{margin-top:8px}.elementor-widget-text-editor:not(.elementor-drop-cap-view-default) .elementor-drop-cap-letter{width:1em;height:1em}.elementor-widget-text-editor .elementor-drop-cap{float:left;text-align:center;line-height:1;font-size:50px}.elementor-widget-text-editor .elementor-drop-cap-letter{display:inline-block}<\/style>\t\t\t\t<p>Canal da Embrapa<\/p><h6>Escassez de m\u00e3o-de-obra na fruticultura \u00e9 alvo do projeto Semear Digital no RS<\/h6>\t\t\t\t\t\t<\/div>\n\t\t\t\t<\/div>\n\t\t\t\t<\/div>\n\t\t<div class=\"elementor-element elementor-element-274771c e-con-full e-flex e-con e-child\" data-id=\"274771c\" data-element_type=\"container\">\n\t\t\t\t<div class=\"elementor-element elementor-element-5cc5e6c elementor-widget elementor-widget-tp-video-popup\" data-id=\"5cc5e6c\" data-element_type=\"widget\" data-widget_type=\"tp-video-popup.default\">\n\t\t\t\t<div class=\"elementor-widget-container\">\n\t\t\t\r\n\t\t\r\n        <div class=\"video-area\">\r\n            <div class=\"video-bg p-relative\">\r\n                                    <img decoding=\"async\" src=\"https:\/\/www.semear-digital.cnptia.embrapa.br\/wp-content\/uploads\/2025\/11\/preview_video_jacupiranga.png\" alt=\"\">\r\n                                                <div class=\"video-bg-icon\">\r\n                    <a class=\"popup-video ele-play-button\" href=\"https:\/\/www.youtube.com\/watch?v=vVl2IPjimio\"><i class=\"fa-solid fa-play\"><\/i><\/a>\r\n                <\/div>\r\n                            <\/div>\r\n        <\/div>\r\n\r\n        \r\n        \t\t<\/div>\n\t\t\t\t<\/div>\n\t\t\t\t<div class=\"elementor-element elementor-element-5bd4af8 elementor-widget elementor-widget-text-editor\" data-id=\"5bd4af8\" data-element_type=\"widget\" data-widget_type=\"text-editor.default\">\n\t\t\t\t<div class=\"elementor-widget-container\">\n\t\t\t\t\t\t\t<p>Canal da Embrapa<\/p><h6>A bananicultura predomina no projeto de inclus\u00e3o digital da Embrapa localizado na Mata Atl\u00e2ntica<\/h6>\t\t\t\t\t\t<\/div>\n\t\t\t\t<\/div>\n\t\t\t\t<\/div>\n\t\t<div class=\"elementor-element elementor-element-d0e738e e-con-full e-flex e-con e-child\" data-id=\"d0e738e\" data-element_type=\"container\">\n\t\t\t\t<div class=\"elementor-element elementor-element-8b70f6e elementor-widget elementor-widget-tp-video-popup\" data-id=\"8b70f6e\" data-element_type=\"widget\" data-widget_type=\"tp-video-popup.default\">\n\t\t\t\t<div class=\"elementor-widget-container\">\n\t\t\t\r\n\t\t\r\n        <div class=\"video-area\">\r\n            <div class=\"video-bg p-relative\">\r\n                                    <img decoding=\"async\" src=\"https:\/\/www.semear-digital.cnptia.embrapa.br\/wp-content\/uploads\/2025\/09\/miniatura_video_sao_miguel_arcanjo_semear_digital.jpg\" alt=\"\">\r\n                                                <div class=\"video-bg-icon\">\r\n                    <a class=\"popup-video ele-play-button\" href=\"https:\/\/www.youtube.com\/watch?v=KtXEmX6KBCg\"><i class=\"fa-solid fa-play\"><\/i><\/a>\r\n                <\/div>\r\n                            <\/div>\r\n        <\/div>\r\n\r\n        \r\n        \t\t<\/div>\n\t\t\t\t<\/div>\n\t\t\t\t<div class=\"elementor-element elementor-element-684abc6 elementor-widget elementor-widget-text-editor\" data-id=\"684abc6\" data-element_type=\"widget\" data-widget_type=\"text-editor.default\">\n\t\t\t\t<div class=\"elementor-widget-container\">\n\t\t\t\t\t\t\t<p>Canal da Embrapa<\/p>\n<h6>Conhe\u00e7a a\u00e7\u00f5es de inclus\u00e3o digital rural desenvolvidas pela Embrapa e parceiros no interior de SP<\/h6>\t\t\t\t\t\t<\/div>\n\t\t\t\t<\/div>\n\t\t\t\t<\/div>\n\t\t<div class=\"elementor-element elementor-element-bd9b6c3 e-con-full e-flex e-con e-child\" data-id=\"bd9b6c3\" data-element_type=\"container\">\n\t\t\t\t<div class=\"elementor-element elementor-element-4b647e7 elementor-widget elementor-widget-tp-video-popup\" data-id=\"4b647e7\" data-element_type=\"widget\" data-widget_type=\"tp-video-popup.default\">\n\t\t\t\t<div class=\"elementor-widget-container\">\n\t\t\t\r\n\t\t\r\n        <div class=\"video-area\">\r\n            <div class=\"video-bg p-relative\">\r\n                                    <img decoding=\"async\" src=\"https:\/\/www.semear-digital.cnptia.embrapa.br\/wp-content\/uploads\/2025\/11\/miniatura_video_institucional_guia_lopes_da_laguna-ms.jpg\" alt=\"\">\r\n                                                <div class=\"video-bg-icon\">\r\n                    <a class=\"popup-video ele-play-button\" href=\"https:\/\/www.youtube.com\/watch?v=Z5Z5CwF-fFo\"><i class=\"fa-solid fa-play\"><\/i><\/a>\r\n                <\/div>\r\n                            <\/div>\r\n        <\/div>\r\n\r\n        \r\n        \t\t<\/div>\n\t\t\t\t<\/div>\n\t\t\t\t<div class=\"elementor-element elementor-element-a64c00a elementor-widget elementor-widget-text-editor\" data-id=\"a64c00a\" data-element_type=\"widget\" data-widget_type=\"text-editor.default\">\n\t\t\t\t<div class=\"elementor-widget-container\">\n\t\t\t\t\t\t\t<p>Canal da Embrapa<\/p><h6>Semear Digital: o projeto para promo\u00e7\u00e3o de solu\u00e7\u00f5es digitais em pequenas e m\u00e9dias propriedades<\/h6>\t\t\t\t\t\t<\/div>\n\t\t\t\t<\/div>\n\t\t\t\t<\/div>\n\t\t<div class=\"elementor-element elementor-element-f961580 e-con-full e-flex e-con e-child\" data-id=\"f961580\" data-element_type=\"container\">\n\t\t\t\t<div class=\"elementor-element elementor-element-44ba5d0 elementor-widget elementor-widget-tp-video-popup\" data-id=\"44ba5d0\" data-element_type=\"widget\" data-widget_type=\"tp-video-popup.default\">\n\t\t\t\t<div class=\"elementor-widget-container\">\n\t\t\t\r\n\t\t\r\n        <div class=\"video-area\">\r\n            <div class=\"video-bg p-relative\">\r\n                                    <img decoding=\"async\" src=\"https:\/\/www.semear-digital.cnptia.embrapa.br\/wp-content\/uploads\/2025\/11\/miniatura_video_institucional_guia_lopes_da_laguna-ms.jpg\" alt=\"\">\r\n                                                <div class=\"video-bg-icon\">\r\n                    <a class=\"popup-video ele-play-button\" href=\"https:\/\/www.youtube.com\/watch?v=DSihzpTFe1c\"><i class=\"fa-solid fa-play\"><\/i><\/a>\r\n                <\/div>\r\n                            <\/div>\r\n        <\/div>\r\n\r\n        \r\n        \t\t<\/div>\n\t\t\t\t<\/div>\n\t\t\t\t<div class=\"elementor-element elementor-element-9fa6c84 elementor-widget elementor-widget-text-editor\" data-id=\"9fa6c84\" data-element_type=\"widget\" data-widget_type=\"text-editor.default\">\n\t\t\t\t<div class=\"elementor-widget-container\">\n\t\t\t\t\t\t\t<p>Canal da Embrapa<\/p><h6>Semear Digital: promoting digital solutions for small and medium-sized farms (English version)<\/h6>\t\t\t\t\t\t<\/div>\n\t\t\t\t<\/div>\n\t\t\t\t<\/div>\n\t\t<div class=\"elementor-element elementor-element-53c3793 e-con-full e-flex e-con e-child\" data-id=\"53c3793\" data-element_type=\"container\">\n\t\t\t\t<div class=\"elementor-element elementor-element-a29a765 elementor-widget elementor-widget-tp-video-popup\" data-id=\"a29a765\" data-element_type=\"widget\" data-widget_type=\"tp-video-popup.default\">\n\t\t\t\t<div class=\"elementor-widget-container\">\n\t\t\t\r\n\t\t\r\n        <div class=\"video-area\">\r\n            <div class=\"video-bg p-relative\">\r\n                                    <img decoding=\"async\" src=\"https:\/\/www.semear-digital.cnptia.embrapa.br\/wp-content\/uploads\/2025\/02\/Thumb-DAT-Guia-Lopes-da-Laguna-inicia-implantacao-de-ILPF.jpg\" alt=\"\">\r\n                                                <div class=\"video-bg-icon\">\r\n                    <a class=\"popup-video ele-play-button\" href=\"https:\/\/www.youtube.com\/https:\/\/www.youtube.com\/watch?v=5rnKSa7UpD8\"><i class=\"fa-solid fa-play\"><\/i><\/a>\r\n                <\/div>\r\n                            <\/div>\r\n        <\/div>\r\n\r\n        \r\n        \t\t<\/div>\n\t\t\t\t<\/div>\n\t\t\t\t<div class=\"elementor-element elementor-element-f465eab elementor-widget elementor-widget-text-editor\" data-id=\"f465eab\" data-element_type=\"widget\" data-widget_type=\"text-editor.default\">\n\t\t\t\t<div class=\"elementor-widget-container\">\n\t\t\t\t\t\t\t<p>Canal da Embrapa<\/p><h6>Semear Digital: DAT Guia Lopes da Laguna inicia implanta\u00e7\u00e3o de ILPF<\/h6>\t\t\t\t\t\t<\/div>\n\t\t\t\t<\/div>\n\t\t\t\t<\/div>\n\t\t<div class=\"elementor-element elementor-element-9d34826 e-con-full e-flex e-con e-child\" data-id=\"9d34826\" data-element_type=\"container\">\n\t\t\t\t<div class=\"elementor-element elementor-element-bf8830c elementor-widget elementor-widget-tp-video-popup\" data-id=\"bf8830c\" data-element_type=\"widget\" data-widget_type=\"tp-video-popup.default\">\n\t\t\t\t<div class=\"elementor-widget-container\">\n\t\t\t\r\n\t\t\r\n        <div class=\"video-area\">\r\n            <div class=\"video-bg p-relative\">\r\n                                    <img decoding=\"async\" src=\"https:\/\/www.semear-digital.cnptia.embrapa.br\/wp-content\/uploads\/2025\/02\/Agricultura-Digital-na-Ilha-do-Marajo.jpg\" alt=\"\">\r\n                                                <div class=\"video-bg-icon\">\r\n                    <a class=\"popup-video ele-play-button\" href=\"https:\/\/www.youtube.com\/watch?v=kHCqAVN0hLc\"><i class=\"fa-solid fa-play\"><\/i><\/a>\r\n                <\/div>\r\n                            <\/div>\r\n        <\/div>\r\n\r\n        \r\n        \t\t<\/div>\n\t\t\t\t<\/div>\n\t\t\t\t<div class=\"elementor-element elementor-element-1014d93 elementor-widget elementor-widget-text-editor\" data-id=\"1014d93\" data-element_type=\"widget\" data-widget_type=\"text-editor.default\">\n\t\t\t\t<div class=\"elementor-widget-container\">\n\t\t\t\t\t\t\t<p>Canal da Ag\u00eancia Fapesp<\/p><h6 class=\"style-scope ytd-watch-metadata\">Agricultura Digital na Ilha do Maraj\u00f3<\/h6>\t\t\t\t\t\t<\/div>\n\t\t\t\t<\/div>\n\t\t\t\t<\/div>\n\t\t<div class=\"elementor-element elementor-element-17370d1 e-con-full e-flex e-con e-child\" data-id=\"17370d1\" data-element_type=\"container\">\n\t\t\t\t<div class=\"elementor-element elementor-element-7586415 elementor-widget elementor-widget-tp-video-popup\" data-id=\"7586415\" data-element_type=\"widget\" data-widget_type=\"tp-video-popup.default\">\n\t\t\t\t<div class=\"elementor-widget-container\">\n\t\t\t\r\n\t\t\r\n        <div class=\"video-area\">\r\n            <div class=\"video-bg p-relative\">\r\n                                    <img decoding=\"async\" src=\"https:\/\/www.semear-digital.cnptia.embrapa.br\/wp-content\/uploads\/2024\/04\/Projeto-Semear-Digital.jpeg\" alt=\"\">\r\n                                                <div class=\"video-bg-icon\">\r\n                    <a class=\"popup-video ele-play-button\" href=\"https:\/\/www.youtube.com\/watch?v=UHw0V1tMbi4\"><i class=\"fa-solid fa-play\"><\/i><\/a>\r\n                <\/div>\r\n                            <\/div>\r\n        <\/div>\r\n\r\n        \r\n        \t\t<\/div>\n\t\t\t\t<\/div>\n\t\t\t\t<div class=\"elementor-element elementor-element-e0cdd7e elementor-widget elementor-widget-text-editor\" data-id=\"e0cdd7e\" data-element_type=\"widget\" data-widget_type=\"text-editor.default\">\n\t\t\t\t<div class=\"elementor-widget-container\">\n\t\t\t\t\t\t\t<p>Canal da Embrapa<\/p><h6>Projeto Semear Digital: Distrito Agrotecnol\u00f3gico de Caconde (SP) \u2013 DAT Caconde<\/h6>\t\t\t\t\t\t<\/div>\n\t\t\t\t<\/div>\n\t\t\t\t<\/div>\n\t\t<div class=\"elementor-element elementor-element-8649481 e-con-full e-flex e-con e-child\" data-id=\"8649481\" data-element_type=\"container\">\n\t\t\t\t<div class=\"elementor-element elementor-element-4263adb elementor-widget elementor-widget-tp-video-popup\" data-id=\"4263adb\" data-element_type=\"widget\" data-widget_type=\"tp-video-popup.default\">\n\t\t\t\t<div class=\"elementor-widget-container\">\n\t\t\t\r\n\t\t\r\n        <div class=\"video-area\">\r\n            <div class=\"video-bg p-relative\">\r\n                                    <img decoding=\"async\" src=\"https:\/\/www.semear-digital.cnptia.embrapa.br\/wp-content\/uploads\/2024\/04\/Agricultura-digital.jpeg\" alt=\"\">\r\n                                                <div class=\"video-bg-icon\">\r\n                    <a class=\"popup-video ele-play-button\" href=\"https:\/\/www.youtube.com\/watch?v=FxQ9fbK_VB4\"><i class=\"fa-solid fa-play\"><\/i><\/a>\r\n                <\/div>\r\n                            <\/div>\r\n        <\/div>\r\n\r\n        \r\n        \t\t<\/div>\n\t\t\t\t<\/div>\n\t\t\t\t<div class=\"elementor-element elementor-element-b08ebaa elementor-widget elementor-widget-text-editor\" data-id=\"b08ebaa\" data-element_type=\"widget\" data-widget_type=\"text-editor.default\">\n\t\t\t\t<div class=\"elementor-widget-container\">\n\t\t\t\t\t\t\t<p>Canal da Ag\u00eancia Fapesp<\/p><h6>Agricultura digital impulsiona pequenos produtores rurais de Caconde, interior de S\u00e3o Paulo<\/h6>\t\t\t\t\t\t<\/div>\n\t\t\t\t<\/div>\n\t\t\t\t<\/div>\n\t\t\t\t\t<\/div>\n\t\t\t\t<\/div>\n\t\t<div class=\"elementor-element elementor-element-7f45502 e-flex e-con-boxed e-con e-parent\" data-id=\"7f45502\" data-element_type=\"container\">\n\t\t\t\t\t<div class=\"e-con-inner\">\n\t\t\t\t<div class=\"elementor-element elementor-element-caede53 elementor-widget elementor-widget-html\" data-id=\"caede53\" data-element_type=\"widget\" data-widget_type=\"html.default\">\n\t\t\t\t<div class=\"elementor-widget-container\">\n\t\t\t<style>.pt-120 {\n    padding-top: 80px;\n}<\/style>\t\t<\/div>\n\t\t\t\t<\/div>\n\t\t\t\t\t<\/div>\n\t\t\t\t<\/div>\n\t\t\t\t<\/div>","protected":false},"excerpt":{"rendered":"<p>Divulga\u00e7\u00e3o V\u00eddeos Canal da Embrapa Escassez de m\u00e3o-de-obra na fruticultura \u00e9 alvo do projeto Semear Digital no RS Canal da Embrapa A bananicultura predomina no projeto de inclus\u00e3o digital da Embrapa localizado na Mata Atl\u00e2ntica Canal da Embrapa Conhe\u00e7a a\u00e7\u00f5es de inclus\u00e3o digital rural desenvolvidas pela Embrapa e parceiros no interior de SP Canal da [&hellip;]<\/p>","protected":false},"author":1,"featured_media":0,"parent":0,"menu_order":0,"comment_status":"closed","ping_status":"closed","template":"","meta":{"footnotes":""},"class_list":["post-1973","page","type-page","status-publish","hentry"],"acf":[],"_links":{"self":[{"href":"https:\/\/www.semear-digital.cnptia.embrapa.br\/en\/wp-json\/wp\/v2\/pages\/1973","targetHints":{"allow":["GET"]}}],"collection":[{"href":"https:\/\/www.semear-digital.cnptia.embrapa.br\/en\/wp-json\/wp\/v2\/pages"}],"about":[{"href":"https:\/\/www.semear-digital.cnptia.embrapa.br\/en\/wp-json\/wp\/v2\/types\/page"}],"author":[{"embeddable":true,"href":"https:\/\/www.semear-digital.cnptia.embrapa.br\/en\/wp-json\/wp\/v2\/users\/1"}],"replies":[{"embeddable":true,"href":"https:\/\/www.semear-digital.cnptia.embrapa.br\/en\/wp-json\/wp\/v2\/comments?post=1973"}],"version-history":[{"count":109,"href":"https:\/\/www.semear-digital.cnptia.embrapa.br\/en\/wp-json\/wp\/v2\/pages\/1973\/revisions"}],"predecessor-version":[{"id":6114,"href":"https:\/\/www.semear-digital.cnptia.embrapa.br\/en\/wp-json\/wp\/v2\/pages\/1973\/revisions\/6114"}],"wp:attachment":[{"href":"https:\/\/www.semear-digital.cnptia.embrapa.br\/en\/wp-json\/wp\/v2\/media?parent=1973"}],"curies":[{"name":"wp","href":"https:\/\/api.w.org\/{rel}","templated":true}]}}